{"id":28,"date":"2012-02-21T16:13:56","date_gmt":"2012-02-21T16:13:56","guid":{"rendered":"http:\/\/www.aessencia.com\/?page_id=28"},"modified":"2021-07-20T12:37:20","modified_gmt":"2021-07-20T11:37:20","slug":"our-products","status":"publish","type":"page","link":"https:\/\/www.saborbio.com\/aessencia\/pt\/our-products\/","title":{"rendered":"produtos"},"content":{"rendered":"<div class=\"one_third\"><\/div> <div class=\"one_third\"><h1 style=\"text-align: center\">licores<\/h1><\/div> <div class=\"one_third last\"><h1 style=\"text-align: center\">aguardentes<\/h1><\/div><div class=\"clearboth\"><\/div> <div class=\"divider_padding\"><\/div> <div class=\"one_third\"><\/div> <div class=\"one_third\"><p style=\"text-align: justify\">Produzidos a partir de fruta e de aguardente de fruta, com especiarias a complementar o seu sabor, e ado\u00e7ados com a\u00e7\u00facar de cana &#8211; os licores aessencia est\u00e3o-se a tornar conhecidos por serem absolutamente deliciosos. Com um baixo teor de \u00e1lcool e um sabor doce e agrad\u00e1vel podem ser considerados mais um cr\u00e8me do que um licor cl\u00e1ssico. <a title=\"licores\" href=\"http:\/\/www.aessencia.com\/pt\/our-products\/liqueurs\/\">Ler mais &gt;<\/a><\/p><\/div> <div class=\"one_third last\"><p style=\"text-align: justify\">Produzidas a partir de fruta biol\u00f3gica, as aguardentes aessencia s\u00e3o perfeitas para quem gosta de bebidas mais fortes. Com um teor de \u00e1lcool de 40% vol., podem ser bebidas puras, geladas ou com gelo. Uma vez que estas constituem a base dos nossos licores, e s\u00e3o usadas no seu fabrico, tamb\u00e9m podem ser adicionadas a estes para quem gosta de licores mais fortes.<\/p><\/div><div class=\"clearboth\"><\/div> <div class=\"divider_line\"><\/div> <div class=\"divider_padding\"><\/div> <div class=\"one_third\"><img decoding=\"async\" src=\"https:\/\/www.saborbio.com\/aessencia\/files\/2012\/03\/IconPeraPT.jpg\" alt=\"\" width=\"292\" height=\"100\" \/><\/div> <div class=\"one_third\"><p style=\"text-align: justify\">O licor biol\u00f3gico de p\u00eara rocha \u00e9 feito a partir de p\u00earas rocha produzidas na regi\u00e3o Oeste de Portugal, de aguardente de p\u00eara rocha, de especiarias e de a\u00e7\u00facar de cana. Tal como com os outros licores aessencia t\u00eam um baixo teor de \u00e1lcool &#8211; 16% vol. &#8211; e um sabor doce a p\u00earas rocha e especiarias. Est\u00e1 dispon\u00edvel em garrafas de 20cl e de 50cl. <a title=\"licor biol\u00f3gico de p\u00eara rocha\" href=\"http:\/\/www.aessencia.com\/pt\/our-products\/liqueurs\/organic-rocha-pear-liqueur\/\">Ler mais &gt;<\/a><\/p><\/div> <div class=\"one_third last\"><p style=\"text-align: justify\">A aguardente biol\u00f3gica de p\u00eara rocha \u00e9 feita unicamente a partir de p\u00earas rocha biol\u00f3gicas produzidas na regi\u00e3o Oeste de Portugal. \u00c9 a partir desta aguardente que \u00e9 produzido o licor de p\u00eara rocha. Com um teor de \u00e1lcool de 40% vol., pode ser bebida pura, gelada ou com gelo. Ainda n\u00e3o se encontra \u00e0 venda.<\/p><\/div><div class=\"clearboth\"><\/div> <div class=\"divider_line\"><\/div> <div class=\"divider_padding\"><\/div> <div class=\"one_third\"><img decoding=\"async\" src=\"https:\/\/www.saborbio.com\/aessencia\/files\/2012\/03\/IconMacaPT.jpg\" alt=\"\" width=\"292\" height=\"100\" \/><\/div> <div class=\"one_third\"><p style=\"text-align: justify\">O licor biol\u00f3gico de ma\u00e7\u00e3 \u00e9 feito a partir de ma\u00e7\u00e3s produzidas na regi\u00e3o Oeste de Portugal, de aguardente de ma\u00e7\u00e3, de especiarias e de a\u00e7\u00facar de cana. Tal como com os outros licores aessencia t\u00eam um baixo teor de \u00e1lcool &#8211; 16% vol. &#8211; e um sabor tradicional a ma\u00e7\u00e3s e especiarias. Est\u00e1 dispon\u00edvel em garrafas de 20cl e de 50cl. <a title=\"licor biol\u00f3gico de ma\u00e7\u00e3\" href=\"http:\/\/www.aessencia.com\/pt\/our-products\/liqueurs\/organic-apple-liqueur\/\">Read more &gt;<\/a><\/p><\/div> <div class=\"one_third last\"><p style=\"text-align: justify\">A aguardente biol\u00f3gica de ma\u00e7\u00e3 \u00e9 feita unicamente a partir de ma\u00e7\u00e3s biol\u00f3gicas produzidas na regi\u00e3o Oeste de Portugal. \u00c9 a partir desta aguardente que \u00e9 produzido o licor de ma\u00e7\u00e3. Com um teor de \u00e1lcool de 40% vol., pode ser bebida pura, gelada ou com gelo. Ainda n\u00e3o se encontra \u00e0 venda.<\/p><\/div><div class=\"clearboth\"><\/div> <div class=\"divider_line\"><\/div> <div class=\"divider_padding\"><\/div> <div class=\"one_third\"><img decoding=\"async\" src=\"https:\/\/www.saborbio.com\/aessencia\/files\/2012\/03\/IconDiospiroPT.jpg\" alt=\"\" width=\"292\" height=\"100\" \/><\/div> <div class=\"one_third\"><p style=\"text-align: justify\">O licor biol\u00f3gico de di\u00f3spiro \u00e9 feito a partir de di\u00f3spiros produzidos na regi\u00e3o Oeste de Portugal, de aguardente de di\u00f3spiro, de especiarias e de a\u00e7\u00facar de cana. Tal como com os outros licores aessencia t\u00eam um baixo teor de \u00e1lcool &#8211; 16% vol. &#8211; e um sabor ex\u00f3tico a di\u00f3spiros e especiarias. Est\u00e1 dispon\u00edvel em garrafas de 20cl e de 50cl. <a title=\"organic persimmon liqueur\" href=\"http:\/\/www.aessencia.com\/pt\/our-products\/liqueurs\/organic-persimmon-liqueur\/\">Read more &gt;<\/a><\/p><\/div> <div class=\"one_third last\"><p style=\"text-align: justify\">A aguardente biol\u00f3gica de di\u00f3spiro \u00e9 feita unicamente a partir de di\u00f3spiros biol\u00f3gicos produzidos na regi\u00e3o Oeste de Portugal. \u00c9 a partir desta aguardente que \u00e9 produzido o licor de di\u00f3spiro. Com um teor de \u00e1lcool de 40% vol., pode ser bebida pura, gelada ou com gelo. Ainda n\u00e3o se encontra \u00e0 venda.<\/p><\/div><div class=\"clearboth\"><\/div>","protected":false},"excerpt":{"rendered":"","protected":false},"author":2,"featured_media":0,"parent":0,"menu_order":5,"comment_status":"closed","ping_status":"closed","template":"template_fullwidth.php","meta":{"footnotes":""},"_links":{"self":[{"href":"https:\/\/www.saborbio.com\/aessencia\/pt\/wp-json\/wp\/v2\/pages\/28"}],"collection":[{"href":"https:\/\/www.saborbio.com\/aessencia\/pt\/wp-json\/wp\/v2\/pages"}],"about":[{"href":"https:\/\/www.saborbio.com\/aessencia\/pt\/wp-json\/wp\/v2\/types\/page"}],"author":[{"embeddable":true,"href":"https:\/\/www.saborbio.com\/aessencia\/pt\/wp-json\/wp\/v2\/users\/2"}],"replies":[{"embeddable":true,"href":"https:\/\/www.saborbio.com\/aessencia\/pt\/wp-json\/wp\/v2\/comments?post=28"}],"version-history":[{"count":5,"href":"https:\/\/www.saborbio.com\/aessencia\/pt\/wp-json\/wp\/v2\/pages\/28\/revisions"}],"predecessor-version":[{"id":962,"href":"https:\/\/www.saborbio.com\/aessencia\/pt\/wp-json\/wp\/v2\/pages\/28\/revisions\/962"}],"wp:attachment":[{"href":"https:\/\/www.saborbio.com\/aessencia\/pt\/wp-json\/wp\/v2\/media?parent=28"}],"curies":[{"name":"wp","href":"https:\/\/api.w.org\/{rel}","templated":true}]}}