{"id":445,"date":"2012-03-15T20:02:22","date_gmt":"2012-03-15T20:02:22","guid":{"rendered":"http:\/\/www.aessencia.com\/?page_id=445"},"modified":"2021-07-20T13:12:01","modified_gmt":"2021-07-20T12:12:01","slug":"organic-rocha-pear-liqueur","status":"publish","type":"page","link":"https:\/\/www.saborbio.com\/aessencia\/pt\/our-products\/liqueurs\/organic-rocha-pear-liqueur\/","title":{"rendered":"licor biol\u00f3gico de pera rocha"},"content":{"rendered":"<h1 style=\"text-align: left;\">licor biol\u00f3gico de pera rocha<\/h1>\n<p style=\"text-align: left;\"><img decoding=\"async\" src=\"https:\/\/www.saborbio.com\/aessencia\/files\/2012\/04\/StripePera.jpg\" alt=\"\" width=\"960\" height=\"56\" \/><div class=\"two_third\"><h1 style=\"text-align: justify;\"><\/h1>\n<div class=\"one_half\"><figure class=\"image_styled alignleft image_fit_mobile\" style=\"width:302px;\">\n\t\t<div class=\"image_frame effect-icon\"><div class=\"image_shadow_wrap\">\n\t\t<a data-fittoview=\"true\" class=\"image_size_medium image_icon_zoom lightbox\" title=\"\" href=\"https:\/\/www.saborbio.com\/aessencia\/files\/2012\/03\/LicorPeraLarge.jpg\"><img alt=\"\" src=\"https:\/\/www.saborbio.com\/aessencia\/files\/2012\/03\/LicorPeraLarge-300x300.jpg\" data-theme-retina-image=\"false\"  data-thumbnail=\"248\" width=\"300\" height=\"300\" \/><\/a>\n\t\t<\/div><\/div><\/figure>\n<h4>comprar garrafa de 20cl:<\/h4>\n[add_to_cart id=&#8221;723&#8243;]\n<h4>comprar garrafa de 50cl:<\/h4>\n[add_to_cart id=&#8221;763&#8243;]<\/div><div class=\"one_half last\"><p style=\"text-align: justify;\">Produzido com peras rocha biol\u00f3gicas produzidas na regi\u00e3o Oeste, este licor \u00e9 claramente um favorito. Com um sabor doce a pera rocha, especiarias e caramelo, este \u00e9 um dos licores mais doces por n\u00f3s produzido.<\/p>\n<p style=\"text-align: justify;\">Com um baixo teor de \u00e1lcool &#8211; 16% vol. &#8211; pode ser mais apropriadamente considerado um <em>cr\u00e8me<\/em>, do que um licor cl\u00e1ssico. Est\u00e1 dispon\u00edvel em garrafas de 20cl e de 50cl.<\/p>\n<p style=\"text-align: justify;\">Este licor \u00e9 produzido com aguardente de pera rocha biol\u00f3gica, tamb\u00e9m ela produzida por n\u00f3s. No total s\u00e3o utilizados mais de 3 quilos de fruta para produzir um litro deste licor &#8211; mais de 80% do total de ingredientes utilizados.<\/p>\n<p style=\"text-align: justify;\">Este licor \u00e9 feito exclusivamente com peras rocha &#8211; nenhuma outra variedade de pera foi utilizada. As peras utilizadas s\u00e3o produzidas por v\u00e1rios agricultores na regi\u00e3o Oeste, sendo a maior parte produzida por Oct\u00e1vio Martins na zona das Caldas da Rainha &#8211; <a title=\"biol\u00f3gicos da rainha\" href=\"http:\/\/biorainha.blogspot.pt\/\" target=\"_blank\" rel=\"noopener noreferrer\">biorainha.blogspot.pt<\/a><\/p>\n<p style=\"text-align: justify;\">Al\u00e9m da fruta, s\u00e3o tamb\u00e9m utilizados a\u00e7\u00facar de cana e especiarias, todos provenientes de agricultura biol\u00f3gica.<\/p>\n<p style=\"text-align: justify;\">Este licor pode ser bebido puro, fresco, ou com gelo. Pode ainda ser adicionado a v\u00e1rias sobremesas ou ainda a gelado de baunilha para uma refrescante sobremesa.<\/p>\n<p style=\"text-align: justify;\"><\/div><div class=\"clearboth\"><\/div><\/div> <div class=\"one_third last\"><div id=\"framed_box_aa9ff7a0cb9ded9672402f26ca28b95a\" class=\"framed_box rounded\">\n\t<div class=\"framed_box_content\" style=\"background-color:#FFFFFF;\">\n\t\t<div class=\"one_half\"><h3 style=\"text-align: left;\"><\/h3>\n<h3 style=\"text-align: left;\">pera rocha<\/h3><\/div> <div class=\"one_half last\"><p style=\"text-align: right;\"><img decoding=\"async\" src=\"https:\/\/www.saborbio.com\/aessencia\/files\/2012\/04\/IconPera.jpg\" alt=\"\" width=\"96\" height=\"96\" \/><\/p><\/div><div class=\"clearboth\"><\/div>\n<p style=\"text-align: justify;\">A pera rocha, ou pera portuguesa como \u00e9 tamb\u00e9m conhecida no Brasil,\u00a0 foi descoberta em 1836 na propriedade do Sr. Pedro Ant\u00f3nio Rocha, no concelho de Sintra. \u00c9 cultivada praticamente em exclusivo na regi\u00e3o Oeste devido ao micro-clima desta regi\u00e3o, o qual \u00e9 prop\u00edcio ao cultivo deste pera.<\/p>\n<p style=\"text-align: justify;\">\u00c9 tamb\u00e9m conhecida como pera portuguesa uma vez que mais de 99% desta \u00e9 produzida em Portugal.<\/p>\n<p style=\"text-align: justify;\">Esta pera de um amarelo claro, por vezes rosada do lado do sol, \u00e9 caracterizada pelo seu sabor &#8211; macio-fundente, granuloso, doce, n\u00e3o \u00e1cido, sucoso e de perfume ligeiramente acentuado.<\/p>\n<p style=\"text-align: justify;\">Com uma polpa branca e firme, crocante e sumarenta, esta pera \u00e9 normalmente apanhada em Agosto &#8211; no auge Ver\u00e3o.<\/p>\n<p style=\"text-align: justify;\">\n\t\t<div class=\"framed_box_space\"><\/div>\n\t<\/div>\n<\/div>\n<\/div><div class=\"clearboth\"><\/div>","protected":false},"excerpt":{"rendered":"<p>licor biol\u00f3gico de pera rocha<\/p>\n","protected":false},"author":2,"featured_media":0,"parent":30,"menu_order":1,"comment_status":"closed","ping_status":"closed","template":"template_fullwidth.php","meta":{"footnotes":""},"_links":{"self":[{"href":"https:\/\/www.saborbio.com\/aessencia\/pt\/wp-json\/wp\/v2\/pages\/445"}],"collection":[{"href":"https:\/\/www.saborbio.com\/aessencia\/pt\/wp-json\/wp\/v2\/pages"}],"about":[{"href":"https:\/\/www.saborbio.com\/aessencia\/pt\/wp-json\/wp\/v2\/types\/page"}],"author":[{"embeddable":true,"href":"https:\/\/www.saborbio.com\/aessencia\/pt\/wp-json\/wp\/v2\/users\/2"}],"replies":[{"embeddable":true,"href":"https:\/\/www.saborbio.com\/aessencia\/pt\/wp-json\/wp\/v2\/comments?post=445"}],"version-history":[{"count":5,"href":"https:\/\/www.saborbio.com\/aessencia\/pt\/wp-json\/wp\/v2\/pages\/445\/revisions"}],"predecessor-version":[{"id":963,"href":"https:\/\/www.saborbio.com\/aessencia\/pt\/wp-json\/wp\/v2\/pages\/445\/revisions\/963"}],"up":[{"embeddable":true,"href":"https:\/\/www.saborbio.com\/aessencia\/pt\/wp-json\/wp\/v2\/pages\/30"}],"wp:attachment":[{"href":"https:\/\/www.saborbio.com\/aessencia\/pt\/wp-json\/wp\/v2\/media?parent=445"}],"curies":[{"name":"wp","href":"https:\/\/api.w.org\/{rel}","templated":true}]}}