{"id":447,"date":"2012-03-15T20:03:49","date_gmt":"2012-03-15T20:03:49","guid":{"rendered":"http:\/\/www.aessencia.com\/?page_id=447"},"modified":"2021-07-20T13:14:28","modified_gmt":"2021-07-20T12:14:28","slug":"organic-apple-liqueur","status":"publish","type":"page","link":"https:\/\/www.saborbio.com\/aessencia\/pt\/our-products\/liqueurs\/organic-apple-liqueur\/","title":{"rendered":"licor biol\u00f3gico de ma\u00e7\u00e3"},"content":{"rendered":"<h1 style=\"text-align: left\">licor biol\u00f3gico de ma\u00e7\u00e3<\/h1>\n<p style=\"text-align: left\"><img decoding=\"async\" src=\"https:\/\/www.saborbio.com\/aessencia\/files\/2012\/04\/StripeMaca.jpg\" alt=\"\" width=\"960\" height=\"56\" \/><div class=\"two_third\"><h1 style=\"text-align: justify\"><\/h1>\n<div class=\"one_half\"><figure class=\"image_styled alignleft image_fit_mobile\" style=\"width:302px;\">\n\t\t<div class=\"image_frame effect-icon\"><div class=\"image_shadow_wrap\">\n\t\t<a data-fittoview=\"true\" class=\"image_size_medium image_icon_zoom lightbox\" title=\"\" href=\"https:\/\/www.saborbio.com\/aessencia\/files\/2012\/03\/LicorMacaLarge.jpg\"><img alt=\"\" src=\"https:\/\/www.saborbio.com\/aessencia\/files\/2012\/03\/LicorMacaLarge-300x300.jpg\" data-theme-retina-image=\"false\"  data-thumbnail=\"251\" width=\"300\" height=\"300\" \/><\/a>\n\t\t<\/div><\/div><\/figure>\n<h4>comprar garrafa de 20cl:<\/h4>\n[add_to_cart id=&#8221;785&#8243;]\n<h4>comprar garrafa de 50cl:<\/h4>\n[add_to_cart id=&#8221;786&#8243;]<\/div><div class=\"one_half last\"><p style=\"text-align: justify\">Produzido com ma\u00e7\u00e3s biol\u00f3gicas produzidas na regi\u00e3o Oeste, este licor \u00e9 claramente inconfund\u00edvel. Com um sabor familiar a ma\u00e7\u00e3 e canela, este \u00e9 um dos licores mais tradicionais por n\u00f3s produzido.<\/p>\n<p style=\"text-align: justify\">Com um baixo teor de \u00e1lcool &#8211; 16% vol. &#8211; pode ser mais apropriadamente considerado um <em>cr\u00e8me<\/em>, do que um licor cl\u00e1ssico. Est\u00e1 dispon\u00edvel em garrafas de 20cl e de 50cl.<\/p>\n<p style=\"text-align: justify\">Este licor \u00e9 produzido com aguardente de ma\u00e7\u00e3 biol\u00f3gica, tamb\u00e9m ela produzida por n\u00f3s. No total s\u00e3o utilizados mais de 3 quilos de fruta para produzir um litro deste licor &#8211; mais de 80% do total de ingredientes utilizados.<\/p>\n<p style=\"text-align: justify\">Este licor \u00e9 feito exclusivamente com ma\u00e7\u00e3s doces &#8211; tais como royal gala, gala must ou gal\u00e1xia. As ma\u00e7\u00e3s utilizadas s\u00e3o todas elas produzidas na zona das Caldas da Rainha por Oct\u00e1vio Martins &#8211; <a title=\"biol\u00f3gicos da rainha\" href=\"http:\/\/biorainha.blogspot.pt\/\" target=\"_blank\" rel=\"noopener noreferrer\">biorainha.blogspot.pt<\/a><em><\/em><\/p>\n<p style=\"text-align: justify\">Al\u00e9m da fruta, s\u00e3o tamb\u00e9m utilizados a\u00e7\u00facar de cana e especiarias, todos provenientes de agricultura biol\u00f3gica.<\/p>\n<p style=\"text-align: justify\">Este licor pode ser bebido puro, fresco, ou com gelo. Pode ainda ser adicionado a v\u00e1rias sobremesas ou ainda a gelado de baunilha para uma refrescante sobremesa.<\/p>\n<p style=\"text-align: justify\"><\/div><div class=\"clearboth\"><\/div><\/div> <div class=\"one_third last\"><div id=\"framed_box_fd6090d7d69071a1c1ae5667cfb3d64d\" class=\"framed_box rounded\">\n\t<div class=\"framed_box_content\" style=\"background-color:#FFFFFF;\">\n\t\t<div class=\"one_half\"><h3 style=\"text-align: left\"><\/h3>\n<h3 style=\"text-align: left\">ma\u00e7\u00e3<\/h3><\/div> <div class=\"one_half last\"><p style=\"text-align: right\"><img decoding=\"async\" src=\"https:\/\/www.saborbio.com\/aessencia\/files\/2012\/04\/IconMaca.jpg\" alt=\"\" width=\"96\" height=\"96\" \/><\/p><\/div><div class=\"clearboth\"><\/div>\n<p style=\"text-align: justify\">A ma\u00e7\u00e3 \u00e9 uma das coisas que melhor caracteriza a regi\u00e3o de Alcoba\u00e7a. Foram trazidas para esta regi\u00e3o no s\u00e9culo XII, pelos monges de Cister, quando estes se estabeleceram em Alcoba\u00e7a. A partir da\u00ed os pomares tomaram conta da paisagem. De uma sobremesa ideal a seguir a uma refei\u00e7\u00e3o sumptuosa no mosteiro tornaram-se num s\u00edmbolo da regi\u00e3o<\/p>\n<p style=\"text-align: justify\">Famosas pelo seu sabor doce, perfume e cor, s\u00e3o v\u00e1rias as variedades de ma\u00e7\u00e3s cultivadas na regi\u00e3o &#8211; sendo as royal gala, delicious, jonagold, fuji, casa nova de Alcoba\u00e7a, golden delicious, granny smith e reineta parda algumas delas.<\/p>\n<p style=\"text-align: justify\">Tendo, cada uma delas, um sabor diferente, temos prefer\u00eancia pelas ma\u00e7\u00e3s da fam\u00edlia das royal gala e das fuji por serem as mais doces.<\/p>\n<p style=\"text-align: justify\">Com uma polpa doce, crocante, sumarenta e firme, estas ma\u00e7\u00e3s s\u00e3o apanhadas de Setembro at\u00e9 Outubro, dependendo da variedade.<\/p>\n<p style=\"text-align: justify\">\n\t\t<div class=\"framed_box_space\"><\/div>\n\t<\/div>\n<\/div>\n<\/div><div class=\"clearboth\"><\/div>","protected":false},"excerpt":{"rendered":"<p>licor biol\u00f3gico de ma\u00e7\u00e3<\/p>\n","protected":false},"author":2,"featured_media":0,"parent":30,"menu_order":2,"comment_status":"closed","ping_status":"closed","template":"template_fullwidth.php","meta":{"footnotes":""},"_links":{"self":[{"href":"https:\/\/www.saborbio.com\/aessencia\/pt\/wp-json\/wp\/v2\/pages\/447"}],"collection":[{"href":"https:\/\/www.saborbio.com\/aessencia\/pt\/wp-json\/wp\/v2\/pages"}],"about":[{"href":"https:\/\/www.saborbio.com\/aessencia\/pt\/wp-json\/wp\/v2\/types\/page"}],"author":[{"embeddable":true,"href":"https:\/\/www.saborbio.com\/aessencia\/pt\/wp-json\/wp\/v2\/users\/2"}],"replies":[{"embeddable":true,"href":"https:\/\/www.saborbio.com\/aessencia\/pt\/wp-json\/wp\/v2\/comments?post=447"}],"version-history":[{"count":5,"href":"https:\/\/www.saborbio.com\/aessencia\/pt\/wp-json\/wp\/v2\/pages\/447\/revisions"}],"predecessor-version":[{"id":964,"href":"https:\/\/www.saborbio.com\/aessencia\/pt\/wp-json\/wp\/v2\/pages\/447\/revisions\/964"}],"up":[{"embeddable":true,"href":"https:\/\/www.saborbio.com\/aessencia\/pt\/wp-json\/wp\/v2\/pages\/30"}],"wp:attachment":[{"href":"https:\/\/www.saborbio.com\/aessencia\/pt\/wp-json\/wp\/v2\/media?parent=447"}],"curies":[{"name":"wp","href":"https:\/\/api.w.org\/{rel}","templated":true}]}}