{"id":1196,"date":"2017-06-16T17:27:13","date_gmt":"2017-06-16T16:27:13","guid":{"rendered":"http:\/\/www.saborbio.com\/cookie-policy\/"},"modified":"2018-05-27T14:55:51","modified_gmt":"2018-05-27T13:55:51","slug":"cookie-policy","status":"publish","type":"page","link":"https:\/\/www.saborbio.com\/pt\/cookie-policy\/","title":{"rendered":"cookies"},"content":{"rendered":"<h1><em>cookies<\/em><\/h1>\n<div class=\"divider_padding\"><\/div>\n<p style=\"text-align: justify\">Os nossos sites utilizam <em><strong>cookies<\/strong><\/em>.<\/p>\n<p style=\"text-align: justify\">As <em>cookies<\/em> s\u00e3o pequenos ficheiros de texto com informa\u00e7\u00e3o relevante que \u00e9 descarregada pelo seu dispositivo de acesso (computador, telem\u00f3vel\/<em>smartphone<\/em> ou <em>tablet<\/em>), atrav\u00e9s do navegador de <em>internet<\/em> (<em>browser<\/em>), quando um <em>site<\/em> \u00e9 visitado pelo utilizador, sendo utilizados para armazenar informa\u00e7\u00f5es sobre as visitas dos utilizadores.<\/p>\n<p style=\"text-align: justify\">Algumas das utiliza\u00e7\u00f5es de <em>cookies<\/em> nos nossos <em>sites<\/em> s\u00e3o:<\/p>\n<ul style=\"text-align: justify\">\n<li>guardar informa\u00e7\u00f5es que utiliza em formul\u00e1rios;<\/li>\n<li>fazer <em>login<\/em> e <em>logout<\/em>, caso tenha uma conta registada nos nossos <em>sites<\/em>;<\/li>\n<li>guardar prefer\u00eancias de visualiza\u00e7\u00e3o, idioma e navega\u00e7\u00e3o;<\/li>\n<li>guardar produtos no seu carrinho de compras.<\/li>\n<\/ul>\n<p style=\"text-align: justify\">A utiliza\u00e7\u00e3o de <em>cookies<\/em> dos nossos <em>sites<\/em> \u00e9 opcional. Todos os <em>browsers<\/em> permitem que o utilizador aceite, recuse ou apague as <em>cookies<\/em> atrav\u00e9s da sele\u00e7\u00e3o das configura\u00e7\u00f5es apropriadas no seu <em>browser<\/em>. Assim, pode desativar a utiliza\u00e7\u00e3o dos <em>cookies<\/em> nos nossos <em>sites<\/em>, a qualquer momento, ao modificar as configura\u00e7\u00f5es do <em>browser<\/em>.<\/p>\n<p style=\"text-align: justify\">No entanto, \u00e9 importante destacar que a desativa\u00e7\u00e3o dos <em>cookies<\/em> pode impedir que alguns servi\u00e7os dos nossos sites funcionem corretamente, afetando, total ou parcialmente, a navega\u00e7\u00e3o.<\/p>","protected":false},"excerpt":{"rendered":"<p>cookies Os nossos sites utilizam cookies. As cookies s\u00e3o pequenos ficheiros de texto com informa\u00e7\u00e3o relevante que \u00e9 descarregada pelo seu dispositivo de acesso (computador, telem\u00f3vel\/smartphone ou tablet), atrav\u00e9s do navegador de internet (browser), quando um site \u00e9 visitado pelo utilizador, sendo utilizados para armazenar informa\u00e7\u00f5es sobre as visitas dos utilizadores. Algumas das utiliza\u00e7\u00f5es de &#8230;<\/p>\n","protected":false},"author":1,"featured_media":0,"parent":0,"menu_order":0,"comment_status":"closed","ping_status":"closed","template":"","meta":{"footnotes":""},"_links":{"self":[{"href":"https:\/\/www.saborbio.com\/pt\/wp-json\/wp\/v2\/pages\/1196"}],"collection":[{"href":"https:\/\/www.saborbio.com\/pt\/wp-json\/wp\/v2\/pages"}],"about":[{"href":"https:\/\/www.saborbio.com\/pt\/wp-json\/wp\/v2\/types\/page"}],"author":[{"embeddable":true,"href":"https:\/\/www.saborbio.com\/pt\/wp-json\/wp\/v2\/users\/1"}],"replies":[{"embeddable":true,"href":"https:\/\/www.saborbio.com\/pt\/wp-json\/wp\/v2\/comments?post=1196"}],"version-history":[{"count":2,"href":"https:\/\/www.saborbio.com\/pt\/wp-json\/wp\/v2\/pages\/1196\/revisions"}],"predecessor-version":[{"id":1434,"href":"https:\/\/www.saborbio.com\/pt\/wp-json\/wp\/v2\/pages\/1196\/revisions\/1434"}],"wp:attachment":[{"href":"https:\/\/www.saborbio.com\/pt\/wp-json\/wp\/v2\/media?parent=1196"}],"curies":[{"name":"wp","href":"https:\/\/api.w.org\/{rel}","templated":true}]}}