{"id":44,"date":"2012-02-21T16:18:23","date_gmt":"2012-02-21T16:18:23","guid":{"rendered":"http:\/\/www.aessencia.com\/?page_id=44"},"modified":"2020-10-05T11:13:41","modified_gmt":"2020-10-05T10:13:41","slug":"why-organic","status":"publish","type":"page","link":"https:\/\/www.saborbio.com\/pt\/why-organic\/","title":{"rendered":"100% biol\u00f3gico"},"content":{"rendered":"<h1>100% biol\u00f3gico<\/h1>\n<div class=\"divider_padding\"><\/div>\n<div class=\"two_third\"><p style=\"text-align: justify;\"><strong>Todos os nossos produtos s\u00e3o produzidos recorrendo exclusivamente a mat\u00e9rias primas produzidas em modo de produ\u00e7\u00e3o biol\u00f3gico.<\/strong><\/p>\n<p style=\"text-align: justify;\">O modo de produ\u00e7\u00e3o biol\u00f3gico \u00e9 um modo de produ\u00e7\u00e3o agricola que procura fornecer ao consumidor alimentos frescos, saborosos e aut\u00eanticos enquanto em simult\u00e2neo procura respeitar o equilibrio do ecossistema, permitindo uma gest\u00e3o sustent\u00e1vel do ambiente e da paisagem.<\/p>\n<p style=\"text-align: justify;\">Para conseguir isso, a agricultura biol\u00f3gica baseia-se numa s\u00e9rie de objectivos e principios, assim como em boas pr\u00e1ticas, desenvolvidas para minimizar o impacto humano sobre o ambiente e assegurar que o sistema agr\u00edcola funciona de forma o mais natural poss\u00edvel.<\/p>\n<p style=\"text-align: justify;\">Pr\u00e1ticas tipicamente utilizadas em agricultura biol\u00f3gica incluem a rota\u00e7\u00e3o de culturas; restri\u00e7\u00f5es ao uso de qu\u00edmicos, pesticidas e fertilizantes de sintese; de antibi\u00f3ticos, aditivos alimentares e auxiliares tecnol\u00f3gicos; proibi\u00e7\u00e3o absoluta de utiliza\u00e7\u00e3o de organismos geneticamente modificados; utiliza\u00e7\u00e3o dos recursos naturais &#8211; utiliza\u00e7\u00e3o de estrume animal como fertilizante por exemplo &#8211; escolha de esp\u00e9cies adequadas \u00e0s condi\u00e7\u00f5es locais; cria\u00e7\u00e3o de animais ao ar livre; entre outros.<\/p>\n<p style=\"text-align: justify;\">De modo a garantir que os alimentos biol\u00f3gicos cumprem com estas boas pr\u00e1ticas, estes est\u00e3o sujeitos a um conjunto de regras rigidas que visam garantir a confian\u00e7a dos consumidores nestes produtos.<\/p>\n<p style=\"text-align: justify;\">Para um produto poder ser apresentado como sendo proveniente de agricultura biol\u00f3gica tem de ostentar o logo bio da UE. Este logo \u00e9 uma garantia de que o produtor respeita e cumpre todas as regras do modo de produ\u00e7\u00e3o biol\u00f3gico, estando sujeito a inspec\u00e7\u00f5es regulares por parte de um organismo de controlo.<\/p>\n<p style=\"text-align: justify;\">Junto ao logo encontra-se o c\u00f3digo da entidade respons\u00e1vel pelo controlo &#8211; no nosso caso PT-BIO-03 correspondendo \u00e0 SATIVA. Junto ao c\u00f3digo encontra-se a origem das mat\u00e9rias primas &#8211; no caso dos nossos produtos &#8216;Agricultura Portugal&#8217; ou no caso dos licores &#8216;Agricultura Portugal\/n\u00e3o UE&#8217; uma vez que parte dos ingredientes &#8211; especiarias e a\u00e7\u00facar &#8211; s\u00e3o cultivados fora da UE.<\/p>\n<p style=\"text-align: justify;\"><strong>Utilizamos exclusivamente fruta biol\u00f3gica como mat\u00e9ria-prima &#8211; toda ela cultivada por n\u00f3s ou por fruticultores locais. As \u00fanicas mat\u00e9rias-primas n\u00e3o cultivadas localmente que utilizamos s\u00e3o as especiarias e o a\u00e7\u00facar de cana &#8211; este \u00faltimo proveniente do Brazil.<\/strong><\/p>\n<p style=\"text-align: justify;\">De modo a garantir que estes produtos cumprem com as regras rigorosas aplicadas na UE ao modo de produ\u00e7\u00e3o biol\u00f3gico, est\u00e3o tamb\u00e9m eles sujeitos \u00e0s mesmas regras, sendo esta aplica\u00e7\u00e3o verificada por organismos independentes aprovados pela Comiss\u00e3o Europeia.<\/p>\n<p style=\"text-align: justify;\"><strong>Adicionalmente, e enquanto transformadores, n\u00e3o adicionamos quaisquer aditivos alimentares, nem auxiliares tecnol\u00f3gicos, aos alimentos por n\u00f3s produzidos. N\u00e3o utilizamos corantes ou conservantes de s\u00edntese &#8211; incluindo sulfitos &#8211; mantendo os nossos produtos o mais naturais poss\u00edveis e recorrendo exclusivamente a conservantes naturais &#8211; o \u00e1lcool, o vinagre, o a\u00e7\u00facar e a desidrata\u00e7\u00e3o dos alimentos.<\/strong><\/p>\n<p style=\"text-align: justify;\">A SABOR BIO surgiu para dar resposta a um problema &#8211; o que fazer com a fruta que \u00e9 produzida em excesso nalguns anos, ou com a fruta que n\u00e3o \u00e9 conforme &#8211; por ser pequena demais por exemplo. De forma a dar resposta a esse problema procuramos optimizar ao m\u00e1ximo o aproveitamento da fruta que temos dispon\u00edvel &#8211; utilizamos as ma\u00e7\u00e3s maiores para fatiar e desidratar; as ma\u00e7\u00e3s mais doces para fazer licor; as ma\u00e7\u00e3s mais sumarentas para fazer sumo de ma\u00e7\u00e3 &#8211; que ir\u00e1 mais tarde tornar-se vinagre de sidra &#8211; com o resto das ma\u00e7\u00e3s produzimos aguardente, que por sua vez \u00e9 utilizada para fazer licores e para conservar outros alimentos. A mesma l\u00f3gica aplica-se a todos os nossos produtos.<\/p>\n<p style=\"text-align: justify;\">Em termos de produ\u00e7\u00e3o procuramos utilizar m\u00e9todos de produ\u00e7\u00e3o o mais amigos do ambiente poss\u00edveis. Os nossos res\u00edduos &#8211; fruta em mau estado, massa e mosto da fruta, restos de fruta &#8211; s\u00e3o utilizados para alimenta\u00e7\u00e3o de animais dom\u00e9sticos ou para fertilizar os nossos terrenos agr\u00edcolas, ajudando na produ\u00e7\u00e3o de mais alimentos. Em termos de energia procuramos utilizar energias renov\u00e1veis sempre que poss\u00edvel &#8211; utilizamos a energia solar para desidratar a nossa fruta, por exemplo. Procuramos ser o mais eficientes poss\u00edveis em todos os est\u00e1gios de produ\u00e7\u00e3o dos nossos produtos, nunca descurando a qualidade destes. Este \u00e9 um principio com o qual nos comprometemos.<\/p><\/div>\n<div class=\"one_third last\"><p><img decoding=\"async\" class=\"aligncenter size-full wp-image-1012\" src=\"http:\/\/www.saborbio.com\/wp-content\/uploads\/2016\/05\/EU_Organic_Logo.jpg\" alt=\"\" width=\"500\" height=\"333\" srcset=\"https:\/\/www.saborbio.com\/wp-content\/uploads\/2016\/05\/EU_Organic_Logo.jpg 500w, https:\/\/www.saborbio.com\/wp-content\/uploads\/2016\/05\/EU_Organic_Logo-300x200.jpg 300w\" sizes=\"(max-width: 500px) 100vw, 500px\" \/><\/p>\n<h4 style=\"text-align: center;\">logo bio da UE<\/h4>\n<div class=\"divider_padding\"><\/div>\n<div id=\"framed_box_2942d9ec3a54d36d42ed81d9e3735625\" class=\"framed_box rounded\" style=\"border-color:#b8b8b8;\">\n\t<div class=\"framed_box_content\" style=\"background-color:transparent;\">\n\t\t\n<p style=\"text-align: justify;\">Pode ver a nossa licen\u00e7a de operador referente ao modo de produ\u00e7\u00e3o biol\u00f3gico, e o certificado para os nossos produtos aqui.<\/p>\n<p style=\"text-align: center;\"><a title=\"Certificado SABOR BIO\" href=\"http:\/\/www.saborbio.com\/media\/SABORBIOCertificado.pdf\" class=\"lightbox\" data-fancybx-type=\"iframe\" data-close=\"true\"><button href=\"javascript:;\" style=\"background-color:#7dbd00\" class=\"button medium primary no_woo_button\"><span>Ver certificado<\/span><\/button><\/a> <br \/>\n\n\t\t<div class=\"framed_box_space\"><\/div>\n\t<\/div>\n<\/div>\n<\/div><div class=\"clearboth\"><\/div>","protected":false},"excerpt":{"rendered":"<p>100% biol\u00f3gico<\/p>\n","protected":false},"author":2,"featured_media":0,"parent":0,"menu_order":2,"comment_status":"closed","ping_status":"closed","template":"","meta":{"footnotes":""},"_links":{"self":[{"href":"https:\/\/www.saborbio.com\/pt\/wp-json\/wp\/v2\/pages\/44"}],"collection":[{"href":"https:\/\/www.saborbio.com\/pt\/wp-json\/wp\/v2\/pages"}],"about":[{"href":"https:\/\/www.saborbio.com\/pt\/wp-json\/wp\/v2\/types\/page"}],"author":[{"embeddable":true,"href":"https:\/\/www.saborbio.com\/pt\/wp-json\/wp\/v2\/users\/2"}],"replies":[{"embeddable":true,"href":"https:\/\/www.saborbio.com\/pt\/wp-json\/wp\/v2\/comments?post=44"}],"version-history":[{"count":6,"href":"https:\/\/www.saborbio.com\/pt\/wp-json\/wp\/v2\/pages\/44\/revisions"}],"predecessor-version":[{"id":1218,"href":"https:\/\/www.saborbio.com\/pt\/wp-json\/wp\/v2\/pages\/44\/revisions\/1218"}],"wp:attachment":[{"href":"https:\/\/www.saborbio.com\/pt\/wp-json\/wp\/v2\/media?parent=44"}],"curies":[{"name":"wp","href":"https:\/\/api.w.org\/{rel}","templated":true}]}}