{"id":341,"date":"2017-11-20T00:53:48","date_gmt":"2017-11-20T00:53:48","guid":{"rendered":"http:\/\/www.saborbio.com\/store\/?page_id=341"},"modified":"2022-06-24T19:13:46","modified_gmt":"2022-06-24T19:13:46","slug":"opcoes-de-pagamento","status":"publish","type":"page","link":"https:\/\/www.saborbio.com\/store\/pt\/opcoes-de-pagamento\/","title":{"rendered":"op\u00e7\u00f5es de pagamento"},"content":{"rendered":"<p><\/p>\n<h1>op\u00e7\u00f5es de pagamento<\/h1>\n<p style=\"text-align: justify\">Em baixo encontra informa\u00e7\u00f5es sobre as v\u00e1rias op\u00e7\u00f5es de pagamento dispon\u00edveis na nossa loja online:<\/p>\n<p>[divider]<br \/>\n[one_half]<\/p>\n<h3 style=\"text-align: justify\">multibanco<\/h3>\n<p>[divider_padding]<\/p>\n<p style=\"text-align: justify\">Dispon\u00edvel apenas para Portugal. Pode efectuar o pagamento em qualquer caixa multibanco, ou comodamente atrav\u00e9s de <em>homebanking<\/em>, sem ter de se deslocar a uma caixa multibanco.<\/p>\n<p style=\"text-align: justify\">Para efectuar o pagamento escolha &#8216;pagamento de servi\u00e7os&#8217; e digite a entidade, refer\u00eancia e montante indicados <strong>no email de confirma\u00e7\u00e3o da sua encomenda.<\/strong><\/p>\n<p style=\"text-align: justify\">O email de confirma\u00e7\u00e3o da encomenda \u00e9 enviado de forma autom\u00e1tica assim que finaliza uma encomenda. Se n\u00e3o recebeu o email verifique se este foi parar \u00e0 pasta de correio n\u00e3o solicitado ou verifique se o endere\u00e7o de email que indicou est\u00e1 correcto.<\/p>\n<p>[\/one_half]<br \/>\n[one_half_last]<\/p>\n<h3 style=\"text-align: justify\">Cart\u00e3o de Cr\u00e9dito ou MBnet<\/h3>\n<p>[divider_padding]<\/p>\n<p style=\"text-align: justify\">De forma a pagar com cart\u00e3o de cr\u00e9dito, ou com um cart\u00e3o gerado pelo MBnet, por favor seleccione a op\u00e7\u00e3o de &#8220;Cart\u00e3o de Cr\u00e9dito&#8221; ao finalizar a sua compra. O pagamento \u00e9 integralmente processado pelo Revolut. <strong>N\u00f3s n\u00e3o acedemos, muito menos guardamos, qualquer informa\u00e7\u00e3o referente a cart\u00f5es de cr\u00e9dito.<\/strong> Recebemos apenas a indica\u00e7\u00e3o de que o pagamento foi efectuado.<\/p>\n<p style=\"text-align: justify\">Por favor tenha em aten\u00e7\u00e3o que o sistema MBnet apenas est\u00e1 dispon\u00edvel em Portugal. Para efectuar o pagamento atrav\u00e9s do sistema MBnet, indique os dados do cart\u00e3o de cr\u00e9dito tempor\u00e1rio gerado pelo sistema.<\/p>\n<p style=\"text-align: justify\">Pode encontrar informa\u00e7\u00f5es adicionais de como utilizar o sistema MBnet em <a href=\"https:\/\/www.mbnet.pt\/\" target=\"_blank\" rel=\"noopener noreferrer\">www.mbnet.pt<\/a><\/p>\n<p>[\/one_half_last]<br \/>\n[divider_padding]<br \/>\n[one_half]<\/p>\n<h3 style=\"text-align: justify\">MB WAY<\/h3>\n<p>[divider_padding]<\/p>\n<p style=\"text-align: justify\">Dispon\u00edvel apenas para Portugal. Para fazer o pagamento basta ter a aplica\u00e7\u00e3o MBWAY instalada no seu telem\u00f3vel.<\/p>\n<p style=\"text-align: justify\">Ao finalizar a sua compra ser\u00e1 pedido o seu n\u00famero de telem\u00f3vel, a seguir ter\u00e1 de verificar e aprovar a sua compra na aplica\u00e7\u00e3o no seu telem\u00f3vel.<\/p>\n<p>[\/one_half]<br \/>\n[one_half_last]<\/p>\n<h3 style=\"text-align: justify\">Payshop<\/h3>\n<p>[divider_padding]<\/p>\n<p style=\"text-align: justify\">Dispon\u00edvel apenas para Portugal. Ao terminar a sua compra, receber\u00e1 uma refer\u00eancia que pode levar a qualquer ponto de pagamento CTT\/Payshop onde poder\u00e1 proceder ao pagamento sem custos adicionais.<\/p>\n<p style=\"text-align: justify\">Pode verificar onde fica o ponto de pagamento CTT\/Payshop mais perto de si <a href=\"https:\/\/www.payshop.pt\/fepsapl\/app\/open\/showSearchAgent.jspx\" rel=\"noopener noreferrer\" target=\"_blank\">aqui<\/a>.<\/p>\n<p>[\/one_half_last]<br \/>\n[divider_padding]<br \/>\n[one_half]<\/p>\n<h3 style=\"text-align: justify\">PayPal<\/h3>\n<p>[divider_padding]<\/p>\n<p style=\"text-align: justify\">Este m\u00e9todo de pagamento n\u00e3o est\u00e1 dispon\u00edvel de momento.<\/p>\n<p style=\"text-align: justify\">Para utilizar n\u00e3o precisa ter conta, basta escolher a op\u00e7\u00e3o &#8216;N\u00e3o tem uma conta do PayPal&#8217;, introduzir os dados do seu cart\u00e3o de cr\u00e9dito, e fazer o pagamento como convidado.<\/p>\n<p style=\"text-align: justify\">Se utiliza o PayPal de forma recorrente, pode ainda criar uma conta. Esta op\u00e7\u00e3o permite que fa\u00e7a pagamentos sem ter um cart\u00e3o de cr\u00e9dito. Basta fazer uma transfer\u00eancia banc\u00e1ria para carregar a sua conta e est\u00e1 pronta a utilizar para fazer pagamentos online.<\/p>\n<p style=\"text-align: justify\">Para mais informa\u00e7\u00f5es visite o website do PayPal <a href=\"https:\/\/www.paypal.com\/pt\/webapps\/mpp\/pay-online\" target=\"_blank\" rel=\"noopener noreferrer\">aqui<\/a>!<\/p>\n<p style=\"text-align: justify\">Todos os pagamentos efectuados por cart\u00e3o de cr\u00e9dito s\u00e3o feitos directamente no website do PayPal. <strong>N\u00f3s n\u00e3o acedemos, muito menos guardamos, qualquer informa\u00e7\u00e3o referente a cart\u00f5es de cr\u00e9dito.<\/strong> Recebemos apenas a indica\u00e7\u00e3o de que o pagamento foi efectuado.<\/p>\n<p>[\/one_half]<br \/>\n[one_half_last]<\/p>\n<h3 style=\"text-align: justify\">transfer\u00eancia banc\u00e1ria<\/h3>\n<p>[divider_padding]<\/p>\n<p style=\"text-align: justify\">Pode encontrar os nossos dados banc\u00e1rios, para poder proceder \u00e0 transfer\u00eancia,\u00a0<strong>no email de confirma\u00e7\u00e3o da sua encomenda.\u00a0<\/strong><\/p>\n<p style=\"text-align: justify\">O email de confirma\u00e7\u00e3o da encomenda \u00e9 enviado de forma autom\u00e1tica assim que finaliza uma encomenda. Se n\u00e3o recebeu o email verifique se este foi parar \u00e0 pasta de correio n\u00e3o solicitado ou verifique se o endere\u00e7o de email que indicou est\u00e1 correcto.<\/p>\n<p style=\"text-align: justify\">Por favor n\u00e3o se esque\u00e7a de <strong>indicar o n\u00ba da encomenda no campo das observa\u00e7\u00f5es<\/strong> quando fizer a transfer\u00eancia.<\/p>\n<p style=\"text-align: justify\">Contrariamente aos outros m\u00e9todos de pagamento, que s\u00e3o processados de imediato, este m\u00e9todo de pagamento pode demorar at\u00e9 3 dias a ser processado.<\/p>\n<p>[\/one_half_last]<br \/>\n[divider_padding]<br \/>\n[one_half]<\/p>\n<h3 style=\"text-align: justify\"><em>Revolut<\/em><\/h3>\n<p>[divider_padding]<\/p>\n<p style=\"text-align: justify\">Se tiver uma conta <em>Revolut<\/em> por favor seleccione a op\u00e7\u00e3o &#8220;Revolut&#8221; ao finalizar a sua compra.<\/p>\n<p style=\"text-align: justify\">Ap\u00f3s clicar no bot\u00e3o, aparecer\u00e1 um <em>QR code<\/em>. Simplesmente aponte a c\u00e2mara do seu <em>smartphone<\/em> ao c\u00f3digo. Ir\u00e1 ser direccionado para o <em>Revolut<\/em> para proceder ao pagamento.<\/p>\n<p>[\/one_half]<br \/>\n[one_half_last]<\/p>\n<h3 style=\"text-align: justify\"><em>Apple pay<\/em> e <em>Google pay<\/em><\/h3>\n<p>[divider_padding]<\/p>\n<p style=\"text-align: justify\">Por favor seleccione esta op\u00e7\u00e3o enquanto estiver na p\u00e1gina do carrinho de compras. A op\u00e7\u00e3o n\u00e3o estar\u00e1 dispon\u00edvel ao finalizar a sua compra.<\/strong><\/p>\n<p style=\"text-align: justify\">A op\u00e7\u00e3o <em>Apple pay<\/em> estar\u00e1 dispon\u00edvel se estiver a utilizar o <em>Safari<\/em> ou o <em>iOS<\/em>. A op\u00e7\u00e3o <em>Google pay<\/em> estar\u00e1 dispon\u00edvel se estiver a utilizar o <em>Chrome<\/em> ou o <em>Android<\/em>.<\/p>\n<p style=\"text-align: justify\">Ap\u00f3s clicar no bot\u00e3o por favor siga as instru\u00e7\u00f5es providenciadas pela <em>Apple<\/em> ou pelo <em>Google<\/em>.<\/p>\n<p>[\/one_half_last]<\/p>","protected":false},"excerpt":{"rendered":"<p>op\u00e7\u00f5es de pagamento Em baixo encontra informa\u00e7\u00f5es sobre as v\u00e1rias op\u00e7\u00f5es de pagamento dispon\u00edveis na nossa loja online: [divider] [one_half] multibanco [divider_padding] Dispon\u00edvel apenas para Portugal. Pode efectuar o pagamento em qualquer caixa multibanco, ou comodamente atrav\u00e9s de homebanking, sem ter de se deslocar a uma caixa multibanco. Para efectuar o pagamento escolha &#8216;pagamento de [&hellip;]<\/p>\n","protected":false},"author":2,"featured_media":0,"parent":0,"menu_order":0,"comment_status":"closed","ping_status":"closed","template":"","meta":{"footnotes":""},"_links":{"self":[{"href":"https:\/\/www.saborbio.com\/store\/pt\/wp-json\/wp\/v2\/pages\/341"}],"collection":[{"href":"https:\/\/www.saborbio.com\/store\/pt\/wp-json\/wp\/v2\/pages"}],"about":[{"href":"https:\/\/www.saborbio.com\/store\/pt\/wp-json\/wp\/v2\/types\/page"}],"author":[{"embeddable":true,"href":"https:\/\/www.saborbio.com\/store\/pt\/wp-json\/wp\/v2\/users\/2"}],"replies":[{"embeddable":true,"href":"https:\/\/www.saborbio.com\/store\/pt\/wp-json\/wp\/v2\/comments?post=341"}],"version-history":[{"count":5,"href":"https:\/\/www.saborbio.com\/store\/pt\/wp-json\/wp\/v2\/pages\/341\/revisions"}],"predecessor-version":[{"id":578,"href":"https:\/\/www.saborbio.com\/store\/pt\/wp-json\/wp\/v2\/pages\/341\/revisions\/578"}],"wp:attachment":[{"href":"https:\/\/www.saborbio.com\/store\/pt\/wp-json\/wp\/v2\/media?parent=341"}],"curies":[{"name":"wp","href":"https:\/\/api.w.org\/{rel}","templated":true}]}}